{"id":3778,"date":"2026-02-19T19:46:44","date_gmt":"2026-02-19T17:46:44","guid":{"rendered":"https:\/\/www.botigapilars.com\/producte\/espelma-de-citrics\/"},"modified":"2026-02-26T19:17:01","modified_gmt":"2026-02-26T17:17:01","slug":"vela-de-citricos","status":"publish","type":"product","link":"https:\/\/www.botigapilars.com\/es\/producto\/vela-de-citricos\/","title":{"rendered":"Vela de C\u00edtricos"},"content":{"rendered":"<p>Una vela pensada para despertar los sentidos y llenar el espacio de energ\u00eda luminosa.<\/p>\n<p><span class=\"jCAhz ChMk0b\"><span class=\"ryNqvb\">Las notas <strong>c\u00edtricas<\/strong> aportan un aroma fresco, vibrante y limpio que ayuda a despejar la mente, elevar el estado de \u00e1nimo y revitalizar el ambiente.<\/span><\/span> <span class=\"jCAhz ChMk0b\"><span class=\"ryNqvb\">Es ideal para empezar el d\u00eda, activar la energ\u00eda creativa o aportar ligereza a los espacios comunes del hogar.<\/span><\/span><\/p>\n<p>Elaborada artesanalmente con<strong> cera de colza vegetal, aceites esenciales y fragancias naturales<\/strong>, crema de forma limpia y equilibrada, dejando una sensaci\u00f3n de frescura natural y bienestar.<\/p>\n<p>Una vela para reconectar con la vitalidad, la claridad y la luz, y transformar cualquier espacio en un lugar lleno de vida.<\/p>\n<p>Las velas vienen en un envase de vidrio reutilizable, por un consumo m\u00e1s consciente<\/p>\n","protected":false},"excerpt":{"rendered":"<p>Una vela pensada para despertar los sentidos y llenar el espacio de energ\u00eda luminosa. Las notas c\u00edtricas aportan un aroma fresco, vibrante y limpio que ayuda a despejar la mente, elevar el estado de \u00e1nimo y revitalizar el ambiente. Es ideal para empezar el d\u00eda, activar la energ\u00eda creativa o aportar&hellip;<\/p>\n","protected":false},"featured_media":3779,"comment_status":"open","ping_status":"closed","template":"","meta":[],"product_brand":[],"product_cat":[84],"product_tag":[],"class_list":{"0":"post-3778","1":"product","2":"type-product","3":"status-publish","4":"has-post-thumbnail","6":"product_cat-velas","8":"first","9":"instock","10":"taxable","11":"shipping-taxable","12":"purchasable","13":"product-type-simple"},"aioseo_notices":[],"_links":{"self":[{"href":"https:\/\/www.botigapilars.com\/es\/wp-json\/wp\/v2\/product\/3778","targetHints":{"allow":["GET"]}}],"collection":[{"href":"https:\/\/www.botigapilars.com\/es\/wp-json\/wp\/v2\/product"}],"about":[{"href":"https:\/\/www.botigapilars.com\/es\/wp-json\/wp\/v2\/types\/product"}],"replies":[{"embeddable":true,"href":"https:\/\/www.botigapilars.com\/es\/wp-json\/wp\/v2\/comments?post=3778"}],"wp:featuredmedia":[{"embeddable":true,"href":"https:\/\/www.botigapilars.com\/es\/wp-json\/wp\/v2\/media\/3779"}],"wp:attachment":[{"href":"https:\/\/www.botigapilars.com\/es\/wp-json\/wp\/v2\/media?parent=3778"}],"wp:term":[{"taxonomy":"product_brand","embeddable":true,"href":"https:\/\/www.botigapilars.com\/es\/wp-json\/wp\/v2\/product_brand?post=3778"},{"taxonomy":"product_cat","embeddable":true,"href":"https:\/\/www.botigapilars.com\/es\/wp-json\/wp\/v2\/product_cat?post=3778"},{"taxonomy":"product_tag","embeddable":true,"href":"https:\/\/www.botigapilars.com\/es\/wp-json\/wp\/v2\/product_tag?post=3778"}],"curies":[{"name":"wp","href":"https:\/\/api.w.org\/{rel}","templated":true}]}}