{"id":3775,"date":"2026-02-19T19:47:38","date_gmt":"2026-02-19T17:47:38","guid":{"rendered":"https:\/\/www.botigapilars.com\/producte\/espelma-de-ruda\/"},"modified":"2026-02-26T19:14:18","modified_gmt":"2026-02-26T17:14:18","slug":"vela-de-ruda","status":"publish","type":"product","link":"https:\/\/www.botigapilars.com\/es\/producto\/vela-de-ruda\/","title":{"rendered":"Vela de Ruda"},"content":{"rendered":"<p>Una vela creada para limpiar, proteger y restablecer el equilibrio del espacio.<\/p>\n<p><span class=\"jCAhz ChMk0b\"><span class=\"ryNqvb\">El aroma de <strong>ruda<\/strong> es intenso, herb\u00e1ceo y profundo, tradicionalmente asociado a la <strong>purificaci\u00f3n energ\u00e9tica<\/strong> ya la protecci\u00f3n.<\/span><\/span> <span class=\"jCAhz ChMk0b\"><span class=\"ryNqvb\">Ayuda a disolver cargas, renovar el ambiente y crear una sensaci\u00f3n de l\u00edmite, orden y claridad interior.<\/span><\/span><\/p>\n<p>Elaborada artesanalmente con <strong>cera de colza vegetal<\/strong>, aceites esenciales y <strong>fragancias naturales<\/strong>, quema de forma limpia y consciente, perfumando el espacio con presencia y car\u00e1cter.<\/p>\n<p>Una vela pensada para rituales de limpieza, momentos de cierre de ciclos o cuando necesitas volver a o\u00edr el espacio como tuyo.<\/p>\n<p>Las velas vienen en un envase de vidrio reutilizable, por un consumo m\u00e1s consciente<\/p>\n","protected":false},"excerpt":{"rendered":"<p>Una vela creada para limpiar, proteger y restablecer el equilibrio del espacio. El aroma de ruda es intenso, herb\u00e1ceo y profundo, tradicionalmente asociado a la purificaci\u00f3n energ\u00e9tica ya la protecci\u00f3n. Ayuda a disolver cargas, renovar el ambiente y crear una sensaci\u00f3n de l\u00edmite, orden y claridad interior. Elaborada artesanalmente con cera&hellip;<\/p>\n","protected":false},"featured_media":3776,"comment_status":"open","ping_status":"closed","template":"","meta":[],"product_brand":[],"product_cat":[84],"product_tag":[],"class_list":{"0":"post-3775","1":"product","2":"type-product","3":"status-publish","4":"has-post-thumbnail","6":"product_cat-velas","8":"first","9":"instock","10":"taxable","11":"shipping-taxable","12":"purchasable","13":"product-type-simple"},"aioseo_notices":[],"_links":{"self":[{"href":"https:\/\/www.botigapilars.com\/es\/wp-json\/wp\/v2\/product\/3775","targetHints":{"allow":["GET"]}}],"collection":[{"href":"https:\/\/www.botigapilars.com\/es\/wp-json\/wp\/v2\/product"}],"about":[{"href":"https:\/\/www.botigapilars.com\/es\/wp-json\/wp\/v2\/types\/product"}],"replies":[{"embeddable":true,"href":"https:\/\/www.botigapilars.com\/es\/wp-json\/wp\/v2\/comments?post=3775"}],"wp:featuredmedia":[{"embeddable":true,"href":"https:\/\/www.botigapilars.com\/es\/wp-json\/wp\/v2\/media\/3776"}],"wp:attachment":[{"href":"https:\/\/www.botigapilars.com\/es\/wp-json\/wp\/v2\/media?parent=3775"}],"wp:term":[{"taxonomy":"product_brand","embeddable":true,"href":"https:\/\/www.botigapilars.com\/es\/wp-json\/wp\/v2\/product_brand?post=3775"},{"taxonomy":"product_cat","embeddable":true,"href":"https:\/\/www.botigapilars.com\/es\/wp-json\/wp\/v2\/product_cat?post=3775"},{"taxonomy":"product_tag","embeddable":true,"href":"https:\/\/www.botigapilars.com\/es\/wp-json\/wp\/v2\/product_tag?post=3775"}],"curies":[{"name":"wp","href":"https:\/\/api.w.org\/{rel}","templated":true}]}}