{"id":3773,"date":"2026-02-19T19:48:23","date_gmt":"2026-02-19T17:48:23","guid":{"rendered":"https:\/\/www.botigapilars.com\/producte\/espelma-de-citronel-la\/"},"modified":"2026-02-26T19:12:10","modified_gmt":"2026-02-26T17:12:10","slug":"espelma-de-citronel-la","status":"publish","type":"product","link":"https:\/\/www.botigapilars.com\/es\/producto\/espelma-de-citronel-la\/","title":{"rendered":"Vela de Citronela"},"content":{"rendered":"<p>Una vela fresca y limpia, pensada para proteger el espacio y hacerlo m\u00e1s habitable.<\/p>\n<p><span class=\"jCAhz ChMk0b\"><span class=\"ryNqvb\">El aroma de <strong>citronela<\/strong> es vivo, vegetal y refrescante.<\/span><\/span> <span class=\"jCAhz ChMk0b\"><span class=\"ryNqvb\">Tradicionalmente valorada por crear una sensaci\u00f3n de protecci\u00f3n y bienestar, ayuda a mantener el ambiente agradable, especialmente en espacios abiertos o durante los meses m\u00e1s c\u00e1lidos.<\/span><\/span><\/p>\n<p>Elaborada artesanalmente con <strong>cera de colza vegetal, aceites esenciales y fragancias naturales<\/strong>, crema de forma limpia y equilibrada, aportando frescura sin saturar el espacio.<\/p>\n<p><span class=\"jCAhz ChMk0b\"><span class=\"ryNqvb\">Una vela pr\u00e1ctica y consciente, ideal para terrazas, noches de verano o cualquier momento en el que quieres disfrutar de la luz y el aroma con tranquilidad.<\/span><\/span><\/p>\n<p><span class=\"jCAhz ChMk0b\"><span class=\"ryNqvb\">Las velas vienen en un envase de vidrio reutilizable, por un consumo m\u00e1s consciente<\/span><\/span><\/p>\n","protected":false},"excerpt":{"rendered":"<p>Una vela fresca y limpia, pensada para proteger el espacio y hacerlo m\u00e1s habitable. El aroma de citronela es vivo, vegetal y refrescante. Tradicionalmente valorada por crear una sensaci\u00f3n de protecci\u00f3n y bienestar, ayuda a mantener el ambiente agradable, especialmente en espacios abiertos o durante los meses m\u00e1s c\u00e1lidos. Elaborada artesanalmente&hellip;<\/p>\n","protected":false},"featured_media":3774,"comment_status":"open","ping_status":"closed","template":"","meta":[],"product_brand":[],"product_cat":[84],"product_tag":[],"class_list":{"0":"post-3773","1":"product","2":"type-product","3":"status-publish","4":"has-post-thumbnail","6":"product_cat-velas","8":"first","9":"instock","10":"taxable","11":"shipping-taxable","12":"purchasable","13":"product-type-simple"},"aioseo_notices":[],"_links":{"self":[{"href":"https:\/\/www.botigapilars.com\/es\/wp-json\/wp\/v2\/product\/3773","targetHints":{"allow":["GET"]}}],"collection":[{"href":"https:\/\/www.botigapilars.com\/es\/wp-json\/wp\/v2\/product"}],"about":[{"href":"https:\/\/www.botigapilars.com\/es\/wp-json\/wp\/v2\/types\/product"}],"replies":[{"embeddable":true,"href":"https:\/\/www.botigapilars.com\/es\/wp-json\/wp\/v2\/comments?post=3773"}],"wp:featuredmedia":[{"embeddable":true,"href":"https:\/\/www.botigapilars.com\/es\/wp-json\/wp\/v2\/media\/3774"}],"wp:attachment":[{"href":"https:\/\/www.botigapilars.com\/es\/wp-json\/wp\/v2\/media?parent=3773"}],"wp:term":[{"taxonomy":"product_brand","embeddable":true,"href":"https:\/\/www.botigapilars.com\/es\/wp-json\/wp\/v2\/product_brand?post=3773"},{"taxonomy":"product_cat","embeddable":true,"href":"https:\/\/www.botigapilars.com\/es\/wp-json\/wp\/v2\/product_cat?post=3773"},{"taxonomy":"product_tag","embeddable":true,"href":"https:\/\/www.botigapilars.com\/es\/wp-json\/wp\/v2\/product_tag?post=3773"}],"curies":[{"name":"wp","href":"https:\/\/api.w.org\/{rel}","templated":true}]}}