{"id":3767,"date":"2026-02-19T20:24:06","date_gmt":"2026-02-19T18:24:06","guid":{"rendered":"https:\/\/www.botigapilars.com\/producte\/ambientador-artesanal-d-espigol\/"},"modified":"2026-02-26T19:08:17","modified_gmt":"2026-02-26T17:08:17","slug":"ambientador-artesanal-de-lavanda","status":"publish","type":"product","link":"https:\/\/www.botigapilars.com\/es\/producto\/ambientador-artesanal-de-lavanda\/","title":{"rendered":"Ambientador artesanal de lavanda para el armario"},"content":{"rendered":"<p><span class=\"jCAhz ChMk0b\"><span class=\"ryNqvb\">El <strong>ambientador artesanal de lavanda<\/strong> aporta un aroma suave, fresco y relajante que transforma cualquier armario en una sensaci\u00f3n de calma y orden.<\/span><\/span> <span class=\"jCAhz ChMk0b\"><span class=\"ryNqvb\">Su fragancia natural evoca campos de lavanda y ropa reci\u00e9n lavada, creando una atm\u00f3sfera agradable cada vez que abres el armario.<\/span><\/span><\/p>\n<p><span class=\"jCAhz ChMk0b\"><span class=\"ryNqvb\">Es ideal para <strong>armarios, cajones, c\u00f3modos o maletas<\/strong>, ayudando a mantener la ropa con un olor delicado y duradero, sin ser pesada ni artificial.<\/span><\/span> <span class=\"jCAhz ChMk0b\"><span class=\"ryNqvb\">La lavanda es conocida por sus propiedades calmantes, haciendo que este ambientador sea perfecto para espacios en los que buscas paz y bienestar.<\/span><\/span><\/p>\n<p>Elaborado a mano con cuidado por los detalles, es tambi\u00e9n un <strong>detalle bonito, pr\u00e1ctico y elegante<\/strong>, ideal para regalar o dar un toque especial a tu casa.<\/p>\n","protected":false},"excerpt":{"rendered":"<p>El ambientador artesanal de lavanda aporta un aroma suave, fresco y relajante que transforma cualquier armario en una sensaci\u00f3n de calma y orden. Su fragancia natural evoca campos de lavanda y ropa reci\u00e9n lavada, creando una atm\u00f3sfera agradable cada vez que abres el armario. Es ideal para armarios, cajones, c\u00f3modos o&hellip;<\/p>\n","protected":false},"featured_media":3768,"comment_status":"open","ping_status":"closed","template":"","meta":[],"product_brand":[],"product_cat":[83],"product_tag":[],"class_list":{"0":"post-3767","1":"product","2":"type-product","3":"status-publish","4":"has-post-thumbnail","6":"product_cat-ambientadores","8":"first","9":"instock","10":"taxable","11":"shipping-taxable","12":"purchasable","13":"product-type-simple"},"aioseo_notices":[],"_links":{"self":[{"href":"https:\/\/www.botigapilars.com\/es\/wp-json\/wp\/v2\/product\/3767","targetHints":{"allow":["GET"]}}],"collection":[{"href":"https:\/\/www.botigapilars.com\/es\/wp-json\/wp\/v2\/product"}],"about":[{"href":"https:\/\/www.botigapilars.com\/es\/wp-json\/wp\/v2\/types\/product"}],"replies":[{"embeddable":true,"href":"https:\/\/www.botigapilars.com\/es\/wp-json\/wp\/v2\/comments?post=3767"}],"wp:featuredmedia":[{"embeddable":true,"href":"https:\/\/www.botigapilars.com\/es\/wp-json\/wp\/v2\/media\/3768"}],"wp:attachment":[{"href":"https:\/\/www.botigapilars.com\/es\/wp-json\/wp\/v2\/media?parent=3767"}],"wp:term":[{"taxonomy":"product_brand","embeddable":true,"href":"https:\/\/www.botigapilars.com\/es\/wp-json\/wp\/v2\/product_brand?post=3767"},{"taxonomy":"product_cat","embeddable":true,"href":"https:\/\/www.botigapilars.com\/es\/wp-json\/wp\/v2\/product_cat?post=3767"},{"taxonomy":"product_tag","embeddable":true,"href":"https:\/\/www.botigapilars.com\/es\/wp-json\/wp\/v2\/product_tag?post=3767"}],"curies":[{"name":"wp","href":"https:\/\/api.w.org\/{rel}","templated":true}]}}