{"id":3759,"date":"2026-02-19T19:17:10","date_gmt":"2026-02-19T17:17:10","guid":{"rendered":"https:\/\/www.botigapilars.com\/politica-enviament\/"},"modified":"2026-02-26T18:59:26","modified_gmt":"2026-02-26T16:59:26","slug":"politica-envio","status":"publish","type":"page","link":"https:\/\/www.botigapilars.com\/es\/politica-envio\/","title":{"rendered":"Pol\u00edtica de env\u00edo y devoluciones"},"content":{"rendered":"\n<h2 class=\"wp-block-heading\">Pol\u00edtica de env\u00edos a domicilio<\/h2>\n\n\n\n<p>Nos encargamos personalmente de los env\u00edos a domicilio para garantizar un servicio eficiente y seguro. Las tarifas de env\u00edo se calculan seg\u00fan la distancia y peso del paquete. Los tiempos estimados de env\u00edo son de 1-2 d\u00edas h\u00e1biles.<\/p>\n\n\n\n<h2 class=\"wp-block-heading\">Pol\u00edtica de cambios y devoluciones<\/h2>\n\n\n\n<p>En Tienda Pilar&#8217;s permit\u00edamos cambios y devoluciones gratuitamente durante 30 d\u00edas para ofrecer a nuestros clientes una experiencia de compra satisfactoria. Para entregar un art\u00edculo que haya adquirido, deber\u00e1 enviarnos un correo electr\u00f3nico a botigapilars@gmail.com indicando el motivo y el n\u00famero de pedido. Para poder procesar cualquier devoluci\u00f3n deber\u00e1s empaquetar tu art\u00edculo con la caja original o similar, y precintar de forma que el paquete no sufra desperfecto alguno. Nuestro equipo le facilitar\u00e1 una etiqueta prepagada que deber\u00e1 pegar en el exterior del paquete, esta etiqueta es la que permitir\u00e1 realizar la devoluci\u00f3n gratuita. Una vez preparado el paquete deber\u00e1 entregarlo en cualquier oficina de correos. Para cambiar un art\u00edculo que haya adquirido, debe enviarnos un correo electr\u00f3nico a botigapilars@gmail.com indicando el motivo, el n\u00famero de pedido y el art\u00edculo de sustituci\u00f3n que desea recibir. Nuestro equipo comprobar\u00e1 la disponibilidad y se realizar\u00e1 el ajuste del importe (en caso de ser productos de diferente precio), una vez confirmado el cambio recibir\u00e1 las instrucciones para proceder al cambio de una forma f\u00e1cil y r\u00e1pida. No se aceptar\u00e1n cambios ni devoluciones de art\u00edculos personalizados o a medida.<\/p>\n\n\n\n<p><strong>Plazo de devoluci\u00f3n<\/strong><\/p>\n\n\n\n<p>El cliente dispone de un plazo de 30 d\u00edas desde la fecha de recepci\u00f3n del producto para realizar un cambio o devoluci\u00f3n del dinero.<\/p>\n\n\n\n<p><strong>Coste del cambio o devoluci\u00f3<\/strong>n<\/p>\n\n\n\n<p>Los cambios o devoluciones en Tienda Pilar&#8217;s son gratuitos en la Pen\u00ednsula, para devoluciones desde las islas correr\u00e1n a cargo del cliente. Tienda Pilar&#8217;s no aceptar\u00e1 devoluciones a portes debidos en ning\u00fan caso.<\/p>\n\n\n\n<p><strong>Devoluci\u00f3n del import<\/strong>e<\/p>\n\n\n\n<p>Una vez aceptada la devoluci\u00f3n en nuestro almac\u00e9n, recibir\u00e1 el importe en el mismo m\u00e9todo en el que se realiz\u00f3 la compra. Los gastos de env\u00edo del pedido no se reembolsar\u00e1n. Para los env\u00edos pagados contrareembolso, ser\u00e1 necesario que nos facilite un n\u00famero de cuenta en el que poder realizar el ingreso del importe. Los gastos del servicio de contrareembolso no ser\u00e1n reembolsados. No se aceptan cambios o devoluciones de productos utilizados y\/o que no se encuentren en perfecto estado. Los productos deben devolverse con las mismas condiciones en las que se han recibido, en su embalaje y con la etiqueta original. En Botiga Pilar&#8217;s nos esforzamos cada d\u00eda por ofrecer un mejor servicio al cliente y trabajamos con af\u00e1n y dedicaci\u00f3n para que los productos lleguen a nuestros clientes en perfectas condiciones. Si tiene cualquier duda referente a las pol\u00edticas de devoluci\u00f3n, puede contactarnos sin ning\u00fan tipo de compromiso mediante el formulario de contacto de la p\u00e1gina web, correo electr\u00f3nico botigapilars@gmail.com o llamando al tel\u00e9fono 687 847 553.<\/p>\n\n\n\n<p><\/p>\n","protected":false},"excerpt":{"rendered":"<p>Pol\u00edtica de env\u00edos a domicilio Nos encargamos personalmente de los env\u00edos a domicilio para garantizar un servicio eficiente y seguro. Las tarifas de env\u00edo se calculan seg\u00fan la distancia y peso del paquete. Los tiempos estimados de env\u00edo son de 1-2 d\u00edas h\u00e1biles. Pol\u00edtica de cambios y devoluciones En Tienda Pilar&#8217;s&hellip;<\/p>\n","protected":false},"author":1,"featured_media":0,"parent":0,"menu_order":17,"comment_status":"closed","ping_status":"closed","template":"","meta":{"footnotes":""},"class_list":["post-3759","page","type-page","status-publish","hentry"],"aioseo_notices":[],"_links":{"self":[{"href":"https:\/\/www.botigapilars.com\/es\/wp-json\/wp\/v2\/pages\/3759","targetHints":{"allow":["GET"]}}],"collection":[{"href":"https:\/\/www.botigapilars.com\/es\/wp-json\/wp\/v2\/pages"}],"about":[{"href":"https:\/\/www.botigapilars.com\/es\/wp-json\/wp\/v2\/types\/page"}],"author":[{"embeddable":true,"href":"https:\/\/www.botigapilars.com\/es\/wp-json\/wp\/v2\/users\/1"}],"replies":[{"embeddable":true,"href":"https:\/\/www.botigapilars.com\/es\/wp-json\/wp\/v2\/comments?post=3759"}],"version-history":[{"count":2,"href":"https:\/\/www.botigapilars.com\/es\/wp-json\/wp\/v2\/pages\/3759\/revisions"}],"predecessor-version":[{"id":3762,"href":"https:\/\/www.botigapilars.com\/es\/wp-json\/wp\/v2\/pages\/3759\/revisions\/3762"}],"wp:attachment":[{"href":"https:\/\/www.botigapilars.com\/es\/wp-json\/wp\/v2\/media?parent=3759"}],"curies":[{"name":"wp","href":"https:\/\/api.w.org\/{rel}","templated":true}]}}