{"id":3746,"date":"2026-02-19T19:21:40","date_gmt":"2026-02-19T17:21:40","guid":{"rendered":"https:\/\/www.botigapilars.com\/avis-legal\/"},"modified":"2026-02-26T18:46:58","modified_gmt":"2026-02-26T16:46:58","slug":"aviso-legal","status":"publish","type":"page","link":"https:\/\/www.botigapilars.com\/es\/aviso-legal\/","title":{"rendered":"Aviso legal"},"content":{"rendered":"\n<p><strong>TITULAR DE LA WEB<\/strong><\/p>\n\n\n\n<p>En cumplimiento del deber de informar recogido en art\u00edculo 10 de la Ley 34\/2002, de 11 de julio, de Servicios de la Sociedad de la Informaci\u00f3n y del Comercio Electr\u00f3nico, a continuaci\u00f3n se reflejan los siguientes datos:<\/p>\n\n\n\n<p><strong>Titular de esta web<\/strong>: Maria Pilar Casas Argerich<br>N<strong>.I.F.<\/strong>: 78150150Z<br><strong>Domicili<\/strong>o: Casa Golferichs \u2013 25286 OLIUS (L\u00c9RIDA).<br><strong>Datos registrales<\/strong>:<br><strong>Tel\u00e9fon<\/strong>o: 687847553<br><strong>Correo electr\u00f3nic<\/strong>o: botigapilars@gmail.com<\/p>\n\n\n\n<p><strong>OBJETO<\/strong><\/p>\n\n\n\n<p>El responsable pone a disposici\u00f3n de los usuarios el presente documento con el que pretende dar cumplimiento de lo dispuesto en la normativa vigente en materia de protecci\u00f3n de datos, y en el contexto del nuevo marco normativo establecido en virtud del cual dispone el Reglamento (UE) 2016\/679 del Parlamento Europeo y del Consejo, de 27 de abril de 2016, relativo a la protecci\u00f3n de los en adelante, el \u00abRGPD\u00bb), y la normativa nacional Ley Org\u00e1nica de Protecci\u00f3n de Datos y Garant\u00eda de los Derechos Digitales (en adelante, el \u00abLOPDGDD\u00bb), as\u00ed como informar a todos los usuarios del sitio web respecto a cu\u00e1les son las condiciones de uso del mismo.<\/p>\n\n\n\n<p>Toda persona que acceda a este sitio web asume el papel de usuario, comprometi\u00e9ndose a la observancia y riguroso cumplimiento de las disposiciones aqu\u00ed dispuestas, as\u00ed como a cualquier otra disposici\u00f3n legal aplicable.<\/p>\n\n\n\n<p>El Responsable se reserva el derecho a modificar cualquier tipo de informaci\u00f3n publicada en el sitio web, sin que exista obligaci\u00f3n de preavisar o poner en conocimiento de los usuarios estas obligaciones, entendi\u00e9ndose como suficiente con la publicaci\u00f3n en el sitio web del Responsable.<\/p>\n\n\n\n<p><strong>RESPONSABILIDAD<\/strong><\/p>\n\n\n\n<p>El Responsable se exime de cualquier tipo de responsabilidad derivada de la informaci\u00f3n publicada en su sitio web que haya sido manipulada o introducida por un tercero ajeno al mismo.<\/p>\n\n\n\n<p><strong>DIRECCIONES IP<\/strong><\/p>\n\n\n\n<p>Los servidores del sitio web detectan de forma autom\u00e1tica la direcci\u00f3n IP y el nombre de dominio utilizados por el usuario.<\/p>\n\n\n\n<p>Una direcci\u00f3n IP es un n\u00famero asignado autom\u00e1ticamente a un ordenador cuando \u00e9ste se conecta a Internet.&nbsp;Toda esta informaci\u00f3n est\u00e1 registrada en un archivo de actividad del servidor, que permite el posterior procesamiento de los datos con el fin de obtener medidas \u00fanicamente estad\u00edsticas que permitan conocer el n\u00famero de impresiones de p\u00e1ginas, el n\u00famero de visitas realizadas a los servidores web, el orden de visitas, el punto de acceso, etc.<\/p>\n\n\n\n<p><strong>POL\u00cdTICA DE ENLACES<\/strong><\/p>\n\n\n\n<p>Desde el presente sitio web es posible que se redirija a contenidos de terceros sitios web.&nbsp;Dado que El Responsable no puede controlar siempre los contenidos introducidos por los terceros en sus sitios web, \u00e9ste no asume ning\u00fan tipo de responsabilidad respecto a estos contenidos.&nbsp;En todo caso, El Responsable manifiesta que proceder\u00e1 a la retirada inmediata de cualquier contenido que pudiera contravenir la legislaci\u00f3n nacional o internacional, la moral o el orden p\u00fablico, procediendo a la retirada inmediata de la redirecci\u00f3n a dicho sitio web, poniendo en conocimiento de las autoridades competentes el contenido en cuesti\u00f3n.<br>El Responsable no se hace responsable de la informaci\u00f3n y contenidos almacenados, a t\u00edtulo enunciativo pero no limitativo, en foros, chat, generadores de blogs, comentarios, redes sociales o cualquier otro medio que permita a terceros publicar contenidos de forma independiente en la p\u00e1gina web del Responsable.&nbsp;Sin embargo y en cumplimiento de lo dispuesto en el art.&nbsp;11 y 16 de la LSSICE, El Responsable se pone a disposici\u00f3n de todos los usuarios, autoridades y fuerzas de seguridad, colaborando de forma activa en la retirada o en su caso bloqueo de todos aquellos contenidos que puedan afectar o contravenir a la legislaci\u00f3n nacional, o internacional, derechos de terceros o la moral y el orden p\u00fablico.&nbsp;En caso de que el usuario considere que existe en el sitio web alg\u00fan contenido que pudiera ser susceptible de esta clasificaci\u00f3n, se ruega que lo haga saber de forma inmediata al administrador del sitio web.<\/p>\n\n\n\n<p>Este sitio web ha sido revisado y probado para que funcione correctamente.&nbsp;En principio, puede garantizarse su correcto funcionamiento los 365 d\u00edas del a\u00f1o, 24 horas al d\u00eda.&nbsp;No obstante, El Responsable no descarta la posibilidad de que existan ciertos errores de programaci\u00f3n, o que se conviertan en causas de fuerza mayor, cat\u00e1strofes naturales, huelgas, o circunstancias similares que hagan imposible el acceso a la p\u00e1gina web.<\/p>\n\n\n\n<p><strong>PROTECCI\u00d3N DE DATOS<\/strong><\/p>\n\n\n\n<p>El Responsable cumple lo dispuesto en el Reglamento (UE) 2016\/679 del Parlamento Europeo y del Consejo, de 27 de abril de 2016, relativo a la protecci\u00f3n de las personas f\u00edsicas en cuanto al tratamiento de datos personales ya la libre circulaci\u00f3n de estos datos (RGPD), y la normativa nacional Ley Org\u00e1nica de Protecci\u00f3n de Datos y Garant\u00eda de los Derechos Digitales.<\/p>\n\n\n\n<p>Asimismo, El Responsable informa que dar cumplimiento a la Ley 34\/2002 de 11 de julio, de Servicios de la Sociedad de la Informaci\u00f3n y el Comercio Electr\u00f3nico y le solicitar\u00e1 su consentimiento al tratamiento de sus datos con fines comerciales en cada momento.<\/p>\n\n\n\n<p><strong>PROPIEDAD INTELECTUAL E INDUSTRIAL<\/strong><\/p>\n\n\n\n<p>El sitio web, incluido el t\u00edtulo enunciativo pero no limitativo su programaci\u00f3n, edici\u00f3n, compilaci\u00f3n y otros elementos necesarios para su funcionamiento, los dise\u00f1os, logotipos, texto y\/o gr\u00e1ficos son propiedad del responsable o, en su caso, dispone de licencia o autorizaci\u00f3n expresa por parte de los autores.<\/p>\n\n\n\n<p>Todos los contenidos del sitio web est\u00e1n debidamente protegidos por la normativa de propiedad intelectual e industrial.<\/p>\n\n\n\n<p>Independientemente de la finalidad para la que fuesen destinados, la reproducci\u00f3n total o parcial, uso, explotaci\u00f3n, distribuci\u00f3n y comercializaci\u00f3n, requiere en todo caso de la autorizaci\u00f3n escrita previa por parte del responsable.&nbsp;Cualquier uso no autorizado previamente por parte del responsable ser\u00e1 considerado un incumplimiento grave de los derechos de propiedad intelectual o industrial del autor.<\/p>\n\n\n\n<p>Los dise\u00f1os, logotipos, texto y\/o gr\u00e1ficos ajenos al prestamista y que pudieran aparecer en el sitio web, pertenecen a sus respectivos propietarios, siendo ellos mismos responsables de cualquier posible controversia que pudiera suscitar respecto a \u00e9stos.&nbsp;En todo caso, El Responsable cuenta con la autorizaci\u00f3n expresa y previa por parte de \u00e9stos.&nbsp;El responsable autoriza expresamente a que terceros puedan redirigir directamente a los contenidos concretos del sitio web, y en cualquier caso redirigir a la p\u00e1gina principal del sitio web del responsable.<\/p>\n\n\n\n<p>El Responsable reconoce a favor de sus titulares los correspondientes derechos de propiedad intelectual e industrial.&nbsp;Que esta propiedad se mencione o aparezca en el sitio web no implica que el Responsable tenga ning\u00fan derecho ni responsabilidad, ni tampoco que apoye, la patrocinio o la recomiende.<\/p>\n\n\n\n<p>Para todas aquellas im\u00e1genes en las que el software de dise\u00f1o lo permite, se han incluido las referencias correspondientes a la autor\u00eda y licencia correspondiente.<\/p>\n\n\n\n<p>Para realizar cualquier tipo de observaci\u00f3n respecto a posibles incumplimientos de los derechos de propiedad intelectual o industrial, as\u00ed como sobre cualquiera de los contenidos del sitio web, puede hacerlo por escrito o indicado en el encabezamiento.<\/p>\n","protected":false},"excerpt":{"rendered":"<p>TITULAR DE LA WEB En cumplimiento del deber de informar recogido en art\u00edculo 10 de la Ley 34\/2002, de 11 de julio, de Servicios de la Sociedad de la Informaci\u00f3n y del Comercio Electr\u00f3nico, a continuaci\u00f3n se reflejan los siguientes datos: Titular de esta web: Maria Pilar Casas ArgerichN.I.F.: 78150150ZDomicilio: Casa&hellip;<\/p>\n","protected":false},"author":1,"featured_media":0,"parent":0,"menu_order":19,"comment_status":"closed","ping_status":"open","template":"","meta":{"footnotes":""},"class_list":["post-3746","page","type-page","status-publish","hentry"],"aioseo_notices":[],"_links":{"self":[{"href":"https:\/\/www.botigapilars.com\/es\/wp-json\/wp\/v2\/pages\/3746","targetHints":{"allow":["GET"]}}],"collection":[{"href":"https:\/\/www.botigapilars.com\/es\/wp-json\/wp\/v2\/pages"}],"about":[{"href":"https:\/\/www.botigapilars.com\/es\/wp-json\/wp\/v2\/types\/page"}],"author":[{"embeddable":true,"href":"https:\/\/www.botigapilars.com\/es\/wp-json\/wp\/v2\/users\/1"}],"replies":[{"embeddable":true,"href":"https:\/\/www.botigapilars.com\/es\/wp-json\/wp\/v2\/comments?post=3746"}],"version-history":[{"count":3,"href":"https:\/\/www.botigapilars.com\/es\/wp-json\/wp\/v2\/pages\/3746\/revisions"}],"predecessor-version":[{"id":3750,"href":"https:\/\/www.botigapilars.com\/es\/wp-json\/wp\/v2\/pages\/3746\/revisions\/3750"}],"wp:attachment":[{"href":"https:\/\/www.botigapilars.com\/es\/wp-json\/wp\/v2\/media?parent=3746"}],"curies":[{"name":"wp","href":"https:\/\/api.w.org\/{rel}","templated":true}]}}