{"id":3741,"date":"2026-02-20T11:29:03","date_gmt":"2026-02-20T09:29:03","guid":{"rendered":"https:\/\/www.botigapilars.com\/consells-d-us-i-advertiments\/"},"modified":"2026-02-26T18:43:08","modified_gmt":"2026-02-26T16:43:08","slug":"consejos-de-uso-y-advertencias","status":"publish","type":"page","link":"https:\/\/www.botigapilars.com\/es\/consejos-de-uso-y-advertencias\/","title":{"rendered":"Consejos de uso y advertencias"},"content":{"rendered":"\n<h2 class=\"wp-block-heading\">Consejos de uso<\/h2>\n\n\n\n<p>Encender la vela con una cerilla, sobre una superficie plana y resistente al fuego.<\/p>\n\n\n\n<p>No mantener la vela encendida m\u00e1s de 2 h. seguidas.<\/p>\n\n\n\n<p>Para garantizar una combusti\u00f3n uniforme, m\u00e1s duradera y sin humos, se recomienda cortar la mecha a 0.5 mm despu\u00e9s de cada uso. Los envases son reciclables y reutilizables<\/p>\n\n\n\n<h2 class=\"wp-block-heading\">Advertencias<\/h2>\n\n\n\n<p>Mantener la vela encendida a la vista, para evitar accidentes <\/p>\n\n\n\n<p>Mantener la vela encendida lejos de corrientes de aire y vibraciones, y fuera del alcance de los ni\u00f1os y las mascotas<\/p>\n","protected":false},"excerpt":{"rendered":"<p>Consejos de uso Encender la vela con una cerilla, sobre una superficie plana y resistente al fuego. No mantener la vela encendida m\u00e1s de 2 h. seguidas. Para garantizar una combusti\u00f3n uniforme, m\u00e1s duradera y sin humos, se recomienda cortar la mecha a 0.5 mm despu\u00e9s de cada uso. Los envases&hellip;<\/p>\n","protected":false},"author":1,"featured_media":0,"parent":0,"menu_order":16,"comment_status":"closed","ping_status":"closed","template":"","meta":{"footnotes":""},"class_list":["post-3741","page","type-page","status-publish","hentry"],"aioseo_notices":[],"_links":{"self":[{"href":"https:\/\/www.botigapilars.com\/es\/wp-json\/wp\/v2\/pages\/3741","targetHints":{"allow":["GET"]}}],"collection":[{"href":"https:\/\/www.botigapilars.com\/es\/wp-json\/wp\/v2\/pages"}],"about":[{"href":"https:\/\/www.botigapilars.com\/es\/wp-json\/wp\/v2\/types\/page"}],"author":[{"embeddable":true,"href":"https:\/\/www.botigapilars.com\/es\/wp-json\/wp\/v2\/users\/1"}],"replies":[{"embeddable":true,"href":"https:\/\/www.botigapilars.com\/es\/wp-json\/wp\/v2\/comments?post=3741"}],"version-history":[{"count":3,"href":"https:\/\/www.botigapilars.com\/es\/wp-json\/wp\/v2\/pages\/3741\/revisions"}],"predecessor-version":[{"id":3745,"href":"https:\/\/www.botigapilars.com\/es\/wp-json\/wp\/v2\/pages\/3741\/revisions\/3745"}],"wp:attachment":[{"href":"https:\/\/www.botigapilars.com\/es\/wp-json\/wp\/v2\/media?parent=3741"}],"curies":[{"name":"wp","href":"https:\/\/api.w.org\/{rel}","templated":true}]}}