{"id":3711,"date":"2026-02-19T14:15:52","date_gmt":"2026-02-19T12:15:52","guid":{"rendered":"https:\/\/www.botigapilars.com\/contacte\/"},"modified":"2026-02-26T18:23:02","modified_gmt":"2026-02-26T16:23:02","slug":"contacto","status":"publish","type":"page","link":"https:\/\/www.botigapilars.com\/es\/contacto\/","title":{"rendered":"Contacto"},"content":{"rendered":"\t\t<div data-elementor-type=\"wp-page\" data-elementor-id=\"3711\" class=\"elementor elementor-3711 elementor-3123\">\n\t\t\t\t<div class=\"elementor-element elementor-element-6ea4b98 e-flex e-con-boxed lakit-col-width-auto-no e-container e-root-container elementor-top-section e-con e-parent\" data-id=\"6ea4b98\" data-element_type=\"container\" data-e-type=\"container\" data-settings=\"{&quot;background_background&quot;:&quot;classic&quot;,&quot;background_motion_fx_motion_fx_scrolling&quot;:&quot;yes&quot;,&quot;background_motion_fx_translateY_effect&quot;:&quot;yes&quot;,&quot;background_motion_fx_translateY_speed&quot;:{&quot;unit&quot;:&quot;px&quot;,&quot;size&quot;:3,&quot;sizes&quot;:[]},&quot;background_motion_fx_translateY_affectedRange&quot;:{&quot;unit&quot;:&quot;%&quot;,&quot;size&quot;:&quot;&quot;,&quot;sizes&quot;:{&quot;start&quot;:20,&quot;end&quot;:80}},&quot;background_motion_fx_devices&quot;:[&quot;mobile&quot;,&quot;mobile_extra&quot;,&quot;tablet&quot;,&quot;laptop&quot;,&quot;desktop&quot;]}\">\n\t\t\t\t\t<div class=\"e-con-inner\">\n\t\t\t\t<div class=\"elementor-element elementor-element-e6ed456 lakit-breadcrumbs-page-title-yes lakit-breadcrumbs-align-justify lakit-breadcrumbs-align-mobile-left elementor-widget lastudio-kit elementor-lakit-breadcrumbs\" data-id=\"e6ed456\" data-element_type=\"widget\" data-e-type=\"widget\" data-widget_type=\"lakit-breadcrumbs.default\">\n\t\t\t\t\t\n\t\t<div class=\"lakit-breadcrumbs\">\n\t\t<div class=\"lakit-breadcrumbs__content\">\n\t\t<div class=\"lakit-breadcrumbs__wrap\"><div class=\"lakit-breadcrumbs__item\"><a href=\"https:\/\/www.botigapilars.com\/es\/\" class=\"lakit-breadcrumbs__item-link is-home\" rel=\"home\" title=\"Home\">Home<\/a><\/div>\n\t\t<\/div>\n\t\t<\/div>\n\t\t<\/div>\t\t\t\t<\/div>\n\t\t\t\t\t<\/div>\n\t\t\t\t<\/div>\n\t\t<div class=\"elementor-element elementor-element-afa9813 e-flex e-con-boxed lakit-col-width-auto-no e-container e-root-container elementor-top-section e-con e-parent\" data-id=\"afa9813\" data-element_type=\"container\" data-e-type=\"container\">\n\t\t\t\t\t<div class=\"e-con-inner\">\n\t\t<div class=\"elementor-element elementor-element-67a2b38 e-con-full e-flex lakit-col-width-auto-no e-container e-con e-child\" data-id=\"67a2b38\" data-element_type=\"container\" data-e-type=\"container\">\n\t\t\t\t<div class=\"elementor-element elementor-element-914ca89 elementor-widget elementor-widget-text-editor\" data-id=\"914ca89\" data-element_type=\"widget\" data-e-type=\"widget\" data-widget_type=\"text-editor.default\">\n\t\t\t\t\t\t\t\t\t<h3>Por cualquier duda, no dude en preguntarnos<\/h3>\t\t\t\t\t\t\t\t<\/div>\n\t\t\t\t<div class=\"elementor-element elementor-element-09d28b1 elementor-widget lastudio-kit elementor-lakit-contactform7\" data-id=\"09d28b1\" data-element_type=\"widget\" data-e-type=\"widget\" data-widget_type=\"lakit-contactform7.default\">\n\t\t\t\t\t\n<div class=\"wpcf7 no-js\" id=\"wpcf7-f3635-o1\" lang=\"ca\" dir=\"ltr\" data-wpcf7-id=\"3635\">\n<div class=\"screen-reader-response\"><p role=\"status\" aria-live=\"polite\" aria-atomic=\"true\"><\/p> <ul><\/ul><\/div>\n<form action=\"\/es\/wp-json\/wp\/v2\/pages\/3711#wpcf7-f3635-o1\" method=\"post\" class=\"wpcf7-form init\" aria-label=\"Formulari de contacte\" novalidate=\"novalidate\" data-status=\"init\">\n<fieldset class=\"hidden-fields-container\"><input type=\"hidden\" name=\"_wpcf7\" value=\"3635\" \/><input type=\"hidden\" name=\"_wpcf7_version\" value=\"6.1.5\" \/><input type=\"hidden\" name=\"_wpcf7_locale\" value=\"ca\" \/><input type=\"hidden\" name=\"_wpcf7_unit_tag\" value=\"wpcf7-f3635-o1\" \/><input type=\"hidden\" name=\"_wpcf7_container_post\" value=\"0\" \/><input type=\"hidden\" name=\"_wpcf7_posted_data_hash\" value=\"\" \/><input type=\"hidden\" name=\"_wpcf7_recaptcha_response\" value=\"\" \/>\n<\/fieldset>\n<div class=\"lakit-row\">\n<div class=\"lakit-col\"><span class=\"wpcf7-form-control-wrap\" data-name=\"your-name\"><input size=\"40\" maxlength=\"400\" class=\"wpcf7-form-control wpcf7-text wpcf7-validates-as-required\" aria-required=\"true\" aria-invalid=\"false\" placeholder=\"Nombre*\" value=\"\" type=\"text\" name=\"your-name\" \/><\/span><\/div>\n<\/div>\n<div class=\"lakit-row\">\n<div class=\"lakit-col\"><span class=\"wpcf7-form-control-wrap\" data-name=\"your-phone\"><input size=\"40\" maxlength=\"400\" class=\"wpcf7-form-control wpcf7-text\" aria-invalid=\"false\" placeholder=\"Tel\u00e9fono\" value=\"\" type=\"text\" name=\"your-phone\" \/><\/span><\/div>\n<\/div>\n<div class=\"lakit-row\">\n<div class=\"lakit-col\"><span class=\"wpcf7-form-control-wrap\" data-name=\"your-email\"><input size=\"40\" maxlength=\"400\" class=\"wpcf7-form-control wpcf7-email wpcf7-validates-as-required wpcf7-text wpcf7-validates-as-email\" aria-required=\"true\" aria-invalid=\"false\" placeholder=\"E-mail*\" value=\"\" type=\"email\" name=\"your-email\" \/><\/span><\/div>\n<\/div>\n<div class=\"lakit-row\">\n<div class=\"lakit-col\"><span class=\"wpcf7-form-control-wrap\" data-name=\"your-message\"><textarea cols=\"40\" rows=\"10\" maxlength=\"2000\" class=\"wpcf7-form-control wpcf7-textarea wpcf7-validates-as-required\" aria-required=\"true\" aria-invalid=\"false\" placeholder=\"Mensaje*\" name=\"your-message\"><\/textarea><\/span><\/div>\n<\/div>\n\n\n\n\n<div class=\"colaccept\">\n<label><span class=\"wpcf7-form-control-wrap\" data-name=\"acceptance-279\"><span class=\"wpcf7-form-control wpcf7-acceptance\"><span class=\"wpcf7-list-item\"><input type=\"checkbox\" name=\"acceptance-279\" value=\"1\" aria-invalid=\"false\" \/><\/span><\/span><\/span> He le\u00eddo y acepto la <a target=\"_blank\" rel=\"nofollow noopener noreferrer\" href=\"https:\/\/www.botigapilars.com\/es\/politica-de-privacidad\">Pol\u00edtica de Privacidad<\/a>.<\/label>\n<\/div>\n\n<br>\n\n\n\n\n\n\n<div class=\"lakit-row\">\n<div class=\"lakit-col\"><input class=\"wpcf7-form-control wpcf7-submit has-spinner\" type=\"submit\" value=\"Enviar\" \/><\/div>\n<\/div>\n\n<br>\n\n<div class=\"text-legal-p\">\n<b>INFORMACI\u00d3N B\u00c1SICA SOBRE PROTECCI\u00d3N DE DATOS<\/b><br>\n<b>Responsable del tratamiento:<\/b> Maria Pilar Casas Argerich<br>\n<b>Finalidad del tratamiento:<\/b> Mantener una relaci\u00f3n con el Usuario y, si nos autoriza, el env\u00edo de newsletters, comunicaciones comerciales y promociones.<br>\n<b>Legitimaci\u00f3n del tratamiento:<\/b> Inter\u00e9s leg\u00edtimo y consentimiento del interesado\/da.<br>\n<b>Conservaci\u00f3n de los datos:<\/b> Se conservaran durante el tiempo en que haya un inter\u00e9s mutuo o durante el tiempo que sea necesario para el cumplimiento de obligaciones legales.<br>\n<b>Destinatarios:<\/b> Prestadores de servicios o colaboradores.<br>\n<b>Derechos:<\/b> Derecho a retirar el consentimiento en cualquier momento. Derecho de acceso, rectificaci\u00f3n, portabilidad y supresi\u00f3n de sus datos y de la limitaci\u00f3n u oposici\u00f3n a su tratamiento. Datos de contacto para ejercer sus derechos: botigapilars@gmail.com<br>\n<b>Informaci\u00f3n adicional:<\/b> Puede encontrar m\u00e1s informaci\u00f3n en nuestra <a href=\"https:\/\/www.botigapilars.com\/es\/politica-de-privacidad\">Pol\u00edtica de Privacidad<\/a>.\n<\/div>\n\n<br><div class=\"wpcf7-response-output\" aria-hidden=\"true\"><\/div>\n<\/form>\n<\/div>\n\t\t\t\t<\/div>\n\t\t\t\t<\/div>\n\t\t<div class=\"elementor-element elementor-element-8743435 e-con-full e-flex lakit-col-width-auto-no e-container e-con e-child\" data-id=\"8743435\" data-element_type=\"container\" data-e-type=\"container\">\n\t\t\t\t<div class=\"elementor-element elementor-element-f8aba56 elementor-icon-list--layout-inline elementor-list-item-link-full_width elementor-widget elementor-widget-icon-list\" data-id=\"f8aba56\" data-element_type=\"widget\" data-e-type=\"widget\" data-widget_type=\"icon-list.default\">\n\t\t\t\t\t\t\t<ul class=\"elementor-icon-list-items elementor-inline-items\">\n\t\t\t\t\t\t\t<li class=\"elementor-icon-list-item elementor-inline-item\">\n\t\t\t\t\t\t\t\t\t\t\t<a href=\"#\">\n\n\t\t\t\t\t\t\t\t\t\t\t\t<span class=\"elementor-icon-list-icon\">\n\t\t\t\t\t\t\t<svg xmlns=\"http:\/\/www.w3.org\/2000\/svg\" width=\"300\" height=\"300\" viewBox=\"0 0 300 300\" class=\"lakit-font-icon-svg\" data-icon-name=\"phone-2\" data-icon-type=\"LaStudioIcons\"><path d=\"M24 32.7L-.3 57.3l.6 15.6C5.1 168 62.4 248.4 150.9 283.5c23.4 9.3 49.2 14.7 76.2 16.2l15.6.6 24.6-24.3c13.5-13.5 24.6-25.2 24.6-25.8s-18-18.9-39.6-40.8l-39.6-39.6-18.6 18.9-18.9 18.6-41.4-41.1-41.1-41.4 18.6-18.9 18.9-18.6-39.6-39.6C68.7 26.1 50.4 8.1 49.8 8.1S37.5 19.2 24 32.7m48.9 32.7l21.9 21.9-18.6 18.6-18.9 18.9 59.1 58.8 58.8 59.1 18.9-18.9 18.6-18.6 22.2 22.2 22.2 22.2-12.9 12.9-12.6 12.9-12.3-1.2c-34.5-3.3-64.8-13.5-93.9-31.5-56.7-35.4-94.2-96.3-99.6-162.3l-.9-12 12.6-12.6c6.6-6.9 12.6-12.6 12.9-12.6s10.5 9.9 22.5 22.2\" fill=\"currentColor\"\/><\/svg>\t\t\t\t\t\t<\/span>\n\t\t\t\t\t\t\t\t\t\t<span class=\"elementor-icon-list-text\">687 847 553<\/span>\n\t\t\t\t\t\t\t\t\t\t\t<\/a>\n\t\t\t\t\t\t\t\t\t<\/li>\n\t\t\t\t\t\t\t\t<li class=\"elementor-icon-list-item elementor-inline-item\">\n\t\t\t\t\t\t\t\t\t\t\t<a href=\"#\">\n\n\t\t\t\t\t\t\t\t\t\t\t\t<span class=\"elementor-icon-list-icon\">\n\t\t\t\t\t\t\t<svg xmlns=\"http:\/\/www.w3.org\/2000\/svg\" width=\"300\" height=\"300\" viewBox=\"0 0 300 300\" class=\"lakit-font-icon-svg\" data-icon-name=\"email\" data-icon-type=\"LaStudioIcons\"><path d=\"M27 26.1c-3.6.9-8.1 2.4-10.2 3.6-5.1 2.7-11.4 10.2-14.1 16.8C.6 51.9.6 56.7.6 150.6V249l2.7 6c4.8 10.5 13.2 17.1 25.2 19.2 9.9 1.8 233.1 1.8 243 0 12-2.1 20.4-8.7 25.2-19.2l2.7-6v-98.4c0-93.9 0-98.7-2.1-104.1-2.7-6.9-9-14.1-14.7-17.1-2.4-1.2-7.5-2.7-11.4-3.6C261 24 35.7 24.3 27 26.1m243.6 25.5c4.5 2.4 4.8 5.7 4.8 98.4s-.3 96-4.8 98.4c-1.2.9-45.6 1.2-120.9 1.2-115.5 0-119.1 0-121.8-2.1l-2.7-2.4V54.9l2.7-2.4c2.7-2.1 6.3-2.1 121.8-2.1 75.3 0 119.7.3 120.9 1.2M53.7 78.3c-4.5 4.2-8.1 8.4-8.1 9s23.7 24.6 52.2 53.4l52.2 51.9 52.2-51.9c28.5-28.8 52.2-52.8 52.2-53.4s-3.9-4.8-8.4-9.3l-8.1-8.4-44.1 44.1-43.8 43.8-43.5-43.5C82.2 90 62.4 70.2 62.1 70.2s-4.2 3.6-8.4 8.1m12.9 112.5c-11.4 11.4-21 21.3-21 21.9s3.9 4.8 8.4 9.3l8.1 8.1 21.3-21.3 21.6-21.3-9-8.7-8.7-9-20.7 21m137.4-12l-8.7 8.7 21.3 21.3 21.3 21.3 8.1-8.1c4.5-4.5 8.4-8.7 8.4-9.3s-9.6-10.5-21-21.9l-20.7-21-8.7 9\" fill=\"currentColor\"\/><\/svg>\t\t\t\t\t\t<\/span>\n\t\t\t\t\t\t\t\t\t\t<span class=\"elementor-icon-list-text\">botigapilars@gmail.com<\/span>\n\t\t\t\t\t\t\t\t\t\t\t<\/a>\n\t\t\t\t\t\t\t\t\t<\/li>\n\t\t\t\t\t\t<\/ul>\n\t\t\t\t\t\t<\/div>\n\t\t\t\t<div class=\"elementor-element elementor-element-9542313 elementor-widget elementor-widget-image\" data-id=\"9542313\" data-element_type=\"widget\" data-e-type=\"widget\" data-widget_type=\"image.default\">\n\t\t\t\t\t\t\t\t\t\t\t\t\t\t\t<img fetchpriority=\"high\" decoding=\"async\" width=\"1920\" height=\"2560\" src=\"https:\/\/www.botigapilars.com\/wp-content\/uploads\/2026\/02\/foto-taller-Amisol-scaled.jpg\" class=\"attachment-large size-large wp-image-3656\" alt=\"\" srcset=\"https:\/\/www.botigapilars.com\/wp-content\/uploads\/2026\/02\/foto-taller-Amisol-scaled.jpg 1920w, https:\/\/www.botigapilars.com\/wp-content\/uploads\/2026\/02\/foto-taller-Amisol-1152x1536.jpg 1152w, https:\/\/www.botigapilars.com\/wp-content\/uploads\/2026\/02\/foto-taller-Amisol-1536x2048.jpg 1536w\" sizes=\"(max-width: 1920px) 100vw, 1920px\" \/>\t\t\t\t\t\t\t\t\t\t\t\t\t\t\t<\/div>\n\t\t\t\t<\/div>\n\t\t\t\t\t<\/div>\n\t\t\t\t<\/div>\n\t\t\t\t<\/div>\n\t\t","protected":false},"excerpt":{"rendered":"<p>Home Por cualquier duda, no dude en preguntarnos He le\u00eddo y acepto la Pol\u00edtica de Privacidad. INFORMACI\u00d3N B\u00c1SICA SOBRE PROTECCI\u00d3N DE DATOS Responsable del tratamiento: Maria Pilar Casas Argerich Finalidad del tratamiento: Mantener una relaci\u00f3n con el Usuario y, si nos autoriza, el env\u00edo de newsletters, comunicaciones comerciales y promociones. Legitimaci\u00f3n&hellip;<\/p>\n","protected":false},"author":1,"featured_media":0,"parent":0,"menu_order":4,"comment_status":"closed","ping_status":"closed","template":"","meta":{"footnotes":""},"class_list":["post-3711","page","type-page","status-publish","hentry"],"aioseo_notices":[],"_links":{"self":[{"href":"https:\/\/www.botigapilars.com\/es\/wp-json\/wp\/v2\/pages\/3711","targetHints":{"allow":["GET"]}}],"collection":[{"href":"https:\/\/www.botigapilars.com\/es\/wp-json\/wp\/v2\/pages"}],"about":[{"href":"https:\/\/www.botigapilars.com\/es\/wp-json\/wp\/v2\/types\/page"}],"author":[{"embeddable":true,"href":"https:\/\/www.botigapilars.com\/es\/wp-json\/wp\/v2\/users\/1"}],"replies":[{"embeddable":true,"href":"https:\/\/www.botigapilars.com\/es\/wp-json\/wp\/v2\/comments?post=3711"}],"version-history":[{"count":7,"href":"https:\/\/www.botigapilars.com\/es\/wp-json\/wp\/v2\/pages\/3711\/revisions"}],"predecessor-version":[{"id":3718,"href":"https:\/\/www.botigapilars.com\/es\/wp-json\/wp\/v2\/pages\/3711\/revisions\/3718"}],"wp:attachment":[{"href":"https:\/\/www.botigapilars.com\/es\/wp-json\/wp\/v2\/media?parent=3711"}],"curies":[{"name":"wp","href":"https:\/\/api.w.org\/{rel}","templated":true}]}}