{"id":3690,"date":"2026-02-20T11:04:02","date_gmt":"2026-02-20T09:04:02","guid":{"rendered":"https:\/\/www.botigapilars.com\/tallers\/"},"modified":"2026-02-26T18:20:16","modified_gmt":"2026-02-26T16:20:16","slug":"talleres","status":"publish","type":"page","link":"https:\/\/www.botigapilars.com\/es\/talleres\/","title":{"rendered":"Talleres"},"content":{"rendered":"\t\t<div data-elementor-type=\"wp-page\" data-elementor-id=\"3690\" class=\"elementor elementor-3690 elementor-3299\">\n\t\t\t\t<div class=\"elementor-element elementor-element-cd2dc31 e-flex e-con-boxed lakit-col-width-auto-no e-container e-root-container elementor-top-section e-con e-parent\" data-id=\"cd2dc31\" data-element_type=\"container\" data-e-type=\"container\" data-settings=\"{&quot;background_background&quot;:&quot;classic&quot;}\">\n\t\t\t\t\t<div class=\"e-con-inner\">\n\t\t<div class=\"elementor-element elementor-element-bd8607c e-con-full e-flex lakit-col-width-auto-no e-container e-con e-child\" data-id=\"bd8607c\" data-element_type=\"container\" data-e-type=\"container\">\n\t\t\t\t<div class=\"elementor-element elementor-element-c20daeb elementor-invisible elementor-widget elementor-widget-image\" data-id=\"c20daeb\" data-element_type=\"widget\" data-e-type=\"widget\" data-settings=\"{&quot;_animation&quot;:&quot;lakitShortFadeInUp&quot;,&quot;_animation_delay&quot;:300}\" data-widget_type=\"image.default\">\n\t\t\t\t\t\t\t\t\t\t\t\t\t\t\t<img fetchpriority=\"high\" decoding=\"async\" width=\"1920\" height=\"2560\" src=\"https:\/\/www.botigapilars.com\/wp-content\/uploads\/2026\/02\/foto-taller-llobera-scaled.jpg\" class=\"attachment-full size-full wp-image-3702\" alt=\"\" srcset=\"https:\/\/www.botigapilars.com\/wp-content\/uploads\/2026\/02\/foto-taller-llobera-scaled.jpg 1920w, https:\/\/www.botigapilars.com\/wp-content\/uploads\/2026\/02\/foto-taller-llobera-1152x1536.jpg 1152w, https:\/\/www.botigapilars.com\/wp-content\/uploads\/2026\/02\/foto-taller-llobera-1536x2048.jpg 1536w\" sizes=\"(max-width: 1920px) 100vw, 1920px\" \/>\t\t\t\t\t\t\t\t\t\t\t\t\t\t\t<\/div>\n\t\t\t\t<\/div>\n\t\t<div class=\"elementor-element elementor-element-9d11113 e-con-full e-flex lakit-col-width-auto-no e-container e-con e-child\" data-id=\"9d11113\" data-element_type=\"container\" data-e-type=\"container\">\n\t\t\t\t<div class=\"elementor-element elementor-element-f87041e elementor-invisible elementor-widget elementor-widget-heading\" data-id=\"f87041e\" data-element_type=\"widget\" data-e-type=\"widget\" data-settings=\"{&quot;_animation&quot;:&quot;lakitShortFadeInUp&quot;,&quot;_animation_delay&quot;:300}\" data-widget_type=\"heading.default\">\n\t\t\t\t\t<h2 class=\"elementor-heading-title elementor-size-default\">Talleres de cosm\u00e9tica natural y aromaterapia<\/h2>\t\t\t\t<\/div>\n\t\t\t\t<div class=\"elementor-element elementor-element-b05be99 elementor-invisible elementor-widget elementor-widget-text-editor\" data-id=\"b05be99\" data-element_type=\"widget\" data-e-type=\"widget\" data-settings=\"{&quot;_animation&quot;:&quot;lakitShortFadeInUp&quot;,&quot;_animation_delay&quot;:500}\" data-widget_type=\"text-editor.default\">\n\t\t\t\t\t\t\t\t\t<p><span class=\"jCAhz ChMk0b\"><span class=\"ryNqvb\">Te invito a un espacio de calma, creatividad y conexi\u00f3n con la naturaleza.<\/span><\/span><span class=\"jCAhz ChMk0b\"><span class=\"ryNqvb\"> Mis talleres de cosm\u00e9tica natural y aromaterapia son una experiencia vivencial en la que podr\u00e1s descubrir el placer de crear con tus manos productos naturales para cuidar el cuerpo, el alma y el entorno.<\/span><\/span> <span class=\"jCAhz\"><span class=\"ryNqvb\">A trav\u00e9s de los aromas, texturas e ingredientes puros, conectamos con una manera m\u00e1s consciente, saludable y respetuosa de cuidarnos.<\/span><\/span><span class=\"jCAhz ChMk0b\"><span class=\"ryNqvb\"> Durante los talleres aprender\u00e1s a elaborar jabones artesanales, velas, cosm\u00e9tica natural, ambientadores, rolones arom\u00e1ticos y otros preparados con aceites esenciales, descubriendo las propiedades de cada ingrediente y el poder transformador de la aromaterapia.<\/span><\/span> <span class=\"jCAhz\"><span class=\"ryNqvb\">M\u00e1s que un aprendizaje t\u00e9cnico, es una experiencia sensorial que despierta los sentidos, fomenta el autocuidado e invita a incorporar h\u00e1bitos m\u00e1s naturales y sostenibles al d\u00eda a d\u00eda.<\/span><\/span><span class=\"jCAhz\"><span class=\"ryNqvb\"> Las propuestas est\u00e1n pensadas para crear experiencias para compartir y se adaptan a distintos espacios y momentos: escuelas, grupos de amigas y amigos, retiros de yoga, encuentros familiares, cumplea\u00f1os o celebraciones especiales.<\/span><\/span> <span class=\"jCAhz\"><span class=\"ryNqvb\">Cada taller se personaliza seg\u00fan las necesidades del grupo, generando un ambiente cercano, creativo y enriquecedor.<\/span><\/span><span class=\"jCAhz ChMk0b\"><span class=\"ryNqvb\"> Un espacio para crear, sentir, aprender y conectar con la esencia natural.<\/span><\/span><\/p>\t\t\t\t\t\t\t\t<\/div>\n\t\t\t\t<div class=\"elementor-element elementor-element-29e99ed elementor-invisible elementor-widget elementor-widget-image\" data-id=\"29e99ed\" data-element_type=\"widget\" data-e-type=\"widget\" data-settings=\"{&quot;_animation&quot;:&quot;lakitShortFadeInUp&quot;,&quot;_animation_delay&quot;:700}\" data-widget_type=\"image.default\">\n\t\t\t\t\t\t\t\t\t\t\t\t\t\t\t<img decoding=\"async\" src=\"https:\/\/www.botigapilars.com\/wp-content\/uploads\/2022\/04\/logo-pilars.svg\" class=\"attachment-full size-full wp-image-3655\" alt=\"\" \/>\t\t\t\t\t\t\t\t\t\t\t\t\t\t\t<\/div>\n\t\t\t\t<\/div>\n\t\t\t\t\t<\/div>\n\t\t\t\t<\/div>\n\t\t<div class=\"elementor-element elementor-element-07ed1fd e-flex e-con-boxed lakit-col-width-auto-no e-container e-root-container elementor-top-section e-con e-parent\" data-id=\"07ed1fd\" data-element_type=\"container\" data-e-type=\"container\">\n\t\t\t\t\t<div class=\"e-con-inner\">\n\t\t\t\t<div class=\"elementor-element elementor-element-faa4737 imagelayout-preset-default elementor-widget lastudio-kit elementor-lakit-images-layout\" data-id=\"faa4737\" data-element_type=\"widget\" data-e-type=\"widget\" data-widget_type=\"lakit-images-layout.default\">\n\t\t\t\t\t\n<div class=\"lakit-images-layout layout-type-grid preset-default\" data-item_selector=\".lakit-images-layout__item\" >\n        <div class=\"lakit-images-layout__list_wrapper\">\n        <div class=\"lakit-images-layout__list col-row\">\n            <div class=\"lakit-images-layout__item  col-desk-4 col-lap-4 col-tab-4 col-tabp-4\">\n\t<div class=\"lakit-images-layout__inner\">\n\t\t<a class=\"lakit-images-layout__link\" href=\"https:\/\/www.botigapilars.com\/wp-content\/uploads\/2026\/02\/foto-tallers-1.jpg\" data-elementor-open-lightbox=\"yes\" data-elementor-lightbox-slideshow=\"faa4737\" data-elementor-lightbox-title=\"Talleres\">\n\t\t\t<div class=\"lakit-images-layout__image\"><img loading=\"lazy\" decoding=\"async\" src=\"https:\/\/www.botigapilars.com\/wp-content\/uploads\/2026\/02\/foto-tallers-1.jpg\" loading=\"lazy\" class=\"lakit-images-layout__image-instance\" width=\"1600\" height=\"1565\" alt=\"Talleres\" style=\"--img-height:1565px\">\t\t\t<\/div>\n\t\t\t<div class=\"lakit-images-layout__content\"><h5 class=\"lakit-images-layout__title\">Talleres<\/h5><\/div>\n\t\t<\/a>\n\t<\/div>\n<\/div><div class=\"lakit-images-layout__item  col-desk-4 col-lap-4 col-tab-4 col-tabp-4\">\n\t<div class=\"lakit-images-layout__inner\">\n\t\t<a class=\"lakit-images-layout__link\" href=\"https:\/\/www.botigapilars.com\/wp-content\/uploads\/2026\/02\/foto-taller-llobera-1-scaled.jpg\" data-elementor-open-lightbox=\"yes\" data-elementor-lightbox-slideshow=\"faa4737\" data-elementor-lightbox-title=\"Taller Llobera\">\n\t\t\t<div class=\"lakit-images-layout__image\"><img loading=\"lazy\" decoding=\"async\" src=\"https:\/\/www.botigapilars.com\/wp-content\/uploads\/2026\/02\/foto-taller-llobera-1-scaled.jpg\" loading=\"lazy\" class=\"lakit-images-layout__image-instance\" width=\"1920\" height=\"2560\" alt=\"Taller Llobera\" style=\"--img-height:2560px\">\t\t\t<\/div>\n\t\t\t<div class=\"lakit-images-layout__content\"><h5 class=\"lakit-images-layout__title\">Taller Llobera<\/h5><\/div>\n\t\t<\/a>\n\t<\/div>\n<\/div><div class=\"lakit-images-layout__item  col-desk-4 col-lap-4 col-tab-4 col-tabp-4\">\n\t<div class=\"lakit-images-layout__inner\">\n\t\t<a class=\"lakit-images-layout__link\" href=\"https:\/\/www.botigapilars.com\/wp-content\/uploads\/2026\/02\/foto-taller-Amisol-1-scaled.jpg\" data-elementor-open-lightbox=\"yes\" data-elementor-lightbox-slideshow=\"faa4737\" data-elementor-lightbox-title=\"Taller Amisol\">\n\t\t\t<div class=\"lakit-images-layout__image\"><img loading=\"lazy\" decoding=\"async\" src=\"https:\/\/www.botigapilars.com\/wp-content\/uploads\/2026\/02\/foto-taller-Amisol-1-scaled.jpg\" loading=\"lazy\" class=\"lakit-images-layout__image-instance\" width=\"1920\" height=\"2560\" alt=\"Taller Amisol\" style=\"--img-height:2560px\">\t\t\t<\/div>\n\t\t\t<div class=\"lakit-images-layout__content\"><h5 class=\"lakit-images-layout__title\">Taller Amisol<\/h5><\/div>\n\t\t<\/a>\n\t<\/div>\n<\/div><div class=\"lakit-images-layout__item  col-desk-4 col-lap-4 col-tab-4 col-tabp-4\">\n\t<div class=\"lakit-images-layout__inner\">\n\t\t<a class=\"lakit-images-layout__link\" href=\"https:\/\/www.botigapilars.com\/wp-content\/uploads\/2026\/02\/foto-taller-a-Olius.jpg\" data-elementor-open-lightbox=\"yes\" data-elementor-lightbox-slideshow=\"faa4737\" data-elementor-lightbox-title=\"Taller a Olius\">\n\t\t\t<div class=\"lakit-images-layout__image\"><img loading=\"lazy\" decoding=\"async\" src=\"https:\/\/www.botigapilars.com\/wp-content\/uploads\/2026\/02\/foto-taller-a-Olius.jpg\" loading=\"lazy\" class=\"lakit-images-layout__image-instance\" width=\"1200\" height=\"1600\" alt=\"Taller a Olius\" style=\"--img-height:1600px\">\t\t\t<\/div>\n\t\t\t<div class=\"lakit-images-layout__content\"><h5 class=\"lakit-images-layout__title\">Taller a Olius<\/h5><\/div>\n\t\t<\/a>\n\t<\/div>\n<\/div><div class=\"lakit-images-layout__item  col-desk-4 col-lap-4 col-tab-4 col-tabp-4\">\n\t<div class=\"lakit-images-layout__inner\">\n\t\t<a class=\"lakit-images-layout__link\" href=\"https:\/\/www.botigapilars.com\/wp-content\/uploads\/2026\/02\/foto-curs-de-sabons-Solsona-1.jpg\" data-elementor-open-lightbox=\"yes\" data-elementor-lightbox-slideshow=\"faa4737\" data-elementor-lightbox-title=\"Curso de jabones en Solsona\">\n\t\t\t<div class=\"lakit-images-layout__image\"><img loading=\"lazy\" decoding=\"async\" src=\"https:\/\/www.botigapilars.com\/wp-content\/uploads\/2026\/02\/foto-curs-de-sabons-Solsona-1.jpg\" loading=\"lazy\" class=\"lakit-images-layout__image-instance\" width=\"1600\" height=\"1200\" alt=\"Curso de jabones en Solsona\" style=\"--img-height:1200px\">\t\t\t<\/div>\n\t\t\t<div class=\"lakit-images-layout__content\"><h5 class=\"lakit-images-layout__title\">Curso de jabones en Solsona<\/h5><\/div>\n\t\t<\/a>\n\t<\/div>\n<\/div><div class=\"lakit-images-layout__item  col-desk-4 col-lap-4 col-tab-4 col-tabp-4\">\n\t<div class=\"lakit-images-layout__inner\">\n\t\t<a class=\"lakit-images-layout__link\" href=\"https:\/\/www.botigapilars.com\/wp-content\/uploads\/2026\/02\/curs-sabons-Solsona.jpg\" data-elementor-open-lightbox=\"yes\" data-elementor-lightbox-slideshow=\"faa4737\" data-elementor-lightbox-title=\"Curso de jabones en Solsona\">\n\t\t\t<div class=\"lakit-images-layout__image\"><img loading=\"lazy\" decoding=\"async\" src=\"https:\/\/www.botigapilars.com\/wp-content\/uploads\/2026\/02\/curs-sabons-Solsona.jpg\" loading=\"lazy\" class=\"lakit-images-layout__image-instance\" width=\"1200\" height=\"1600\" alt=\"Curso de jabones en Solsona\" style=\"--img-height:1600px\">\t\t\t<\/div>\n\t\t\t<div class=\"lakit-images-layout__content\"><h5 class=\"lakit-images-layout__title\">Curso de jabones en Solsona<\/h5><\/div>\n\t\t<\/a>\n\t<\/div>\n<\/div><div class=\"lakit-images-layout__item  col-desk-4 col-lap-4 col-tab-4 col-tabp-4\">\n\t<div class=\"lakit-images-layout__inner\">\n\t\t<a class=\"lakit-images-layout__link\" href=\"https:\/\/www.botigapilars.com\/wp-content\/uploads\/2026\/02\/curs-sabo-solsona.jpg\" data-elementor-open-lightbox=\"yes\" data-elementor-lightbox-slideshow=\"faa4737\" data-elementor-lightbox-title=\"Curso de jabones en Solsona\">\n\t\t\t<div class=\"lakit-images-layout__image\"><img loading=\"lazy\" decoding=\"async\" src=\"https:\/\/www.botigapilars.com\/wp-content\/uploads\/2026\/02\/curs-sabo-solsona.jpg\" loading=\"lazy\" class=\"lakit-images-layout__image-instance\" width=\"1600\" height=\"1200\" alt=\"Curso de jabones en Solsona\" style=\"--img-height:1200px\">\t\t\t<\/div>\n\t\t\t<div class=\"lakit-images-layout__content\"><h5 class=\"lakit-images-layout__title\">Curso de jabones en Solsona<\/h5><\/div>\n\t\t<\/a>\n\t<\/div>\n<\/div><div class=\"lakit-images-layout__item  col-desk-4 col-lap-4 col-tab-4 col-tabp-4\">\n\t<div class=\"lakit-images-layout__inner\">\n\t\t<a class=\"lakit-images-layout__link\" href=\"https:\/\/www.botigapilars.com\/wp-content\/uploads\/2026\/02\/curs-de-cosmetica-natural-a-Cardona-1.jpg\" data-elementor-open-lightbox=\"yes\" data-elementor-lightbox-slideshow=\"faa4737\" data-elementor-lightbox-title=\"Curso de cosm\u00e9tica natural en Cardona\">\n\t\t\t<div class=\"lakit-images-layout__image\"><img loading=\"lazy\" decoding=\"async\" src=\"https:\/\/www.botigapilars.com\/wp-content\/uploads\/2026\/02\/curs-de-cosmetica-natural-a-Cardona-1.jpg\" loading=\"lazy\" class=\"lakit-images-layout__image-instance\" width=\"1200\" height=\"1600\" alt=\"Curso de cosm\u00e9tica natural en Cardona\" style=\"--img-height:1600px\">\t\t\t<\/div>\n\t\t\t<div class=\"lakit-images-layout__content\"><h5 class=\"lakit-images-layout__title\">Curso de cosm\u00e9tica natural en Cardona<\/h5><\/div>\n\t\t<\/a>\n\t<\/div>\n<\/div><div class=\"lakit-images-layout__item  col-desk-4 col-lap-4 col-tab-4 col-tabp-4\">\n\t<div class=\"lakit-images-layout__inner\">\n\t\t<a class=\"lakit-images-layout__link\" href=\"https:\/\/www.botigapilars.com\/wp-content\/uploads\/2026\/02\/IMG-20221218-WA0040.jpg\" data-elementor-open-lightbox=\"yes\" data-elementor-lightbox-slideshow=\"faa4737\" data-elementor-lightbox-title=\"Taller en el Ayuntamiento de Riner\">\n\t\t\t<div class=\"lakit-images-layout__image\"><img loading=\"lazy\" decoding=\"async\" src=\"https:\/\/www.botigapilars.com\/wp-content\/uploads\/2026\/02\/IMG-20221218-WA0040.jpg\" loading=\"lazy\" class=\"lakit-images-layout__image-instance\" width=\"1500\" height=\"2000\" alt=\"Taller en el Ayuntamiento de Riner\" style=\"--img-height:2000px\">\t\t\t<\/div>\n\t\t\t<div class=\"lakit-images-layout__content\"><h5 class=\"lakit-images-layout__title\">Taller en el Ayuntamiento de Riner<\/h5><\/div>\n\t\t<\/a>\n\t<\/div>\n<\/div><div class=\"lakit-images-layout__item  col-desk-4 col-lap-4 col-tab-4 col-tabp-4\">\n\t<div class=\"lakit-images-layout__inner\">\n\t\t<a class=\"lakit-images-layout__link\" href=\"https:\/\/www.botigapilars.com\/wp-content\/uploads\/2026\/02\/IMG_3686-scaled.jpg\" data-elementor-open-lightbox=\"yes\" data-elementor-lightbox-slideshow=\"faa4737\" data-elementor-lightbox-title=\"Taller en un retiro de yoga\">\n\t\t\t<div class=\"lakit-images-layout__image\"><img loading=\"lazy\" decoding=\"async\" src=\"https:\/\/www.botigapilars.com\/wp-content\/uploads\/2026\/02\/IMG_3686-scaled.jpg\" loading=\"lazy\" class=\"lakit-images-layout__image-instance\" width=\"1920\" height=\"2560\" alt=\"Taller en un retiro de yoga\" style=\"--img-height:2560px\">\t\t\t<\/div>\n\t\t\t<div class=\"lakit-images-layout__content\"><h5 class=\"lakit-images-layout__title\">Taller en un retiro de yoga<\/h5><\/div>\n\t\t<\/a>\n\t<\/div>\n<\/div>        <\/div>\n    <\/div>\n    <\/div>\t\t\t\t<\/div>\n\t\t\t\t\t<\/div>\n\t\t\t\t<\/div>\n\t\t\t\t<\/div>\n\t\t","protected":false},"excerpt":{"rendered":"<p>Talleres de cosm\u00e9tica natural y aromaterapia Te invito a un espacio de calma, creatividad y conexi\u00f3n con la naturaleza. Mis talleres de cosm\u00e9tica natural y aromaterapia son una experiencia vivencial en la que podr\u00e1s descubrir el placer de crear con tus manos productos naturales para cuidar el cuerpo, el alma y&hellip;<\/p>\n","protected":false},"author":1,"featured_media":0,"parent":0,"menu_order":3,"comment_status":"closed","ping_status":"closed","template":"","meta":{"footnotes":""},"class_list":["post-3690","page","type-page","status-publish","hentry"],"aioseo_notices":[],"_links":{"self":[{"href":"https:\/\/www.botigapilars.com\/es\/wp-json\/wp\/v2\/pages\/3690","targetHints":{"allow":["GET"]}}],"collection":[{"href":"https:\/\/www.botigapilars.com\/es\/wp-json\/wp\/v2\/pages"}],"about":[{"href":"https:\/\/www.botigapilars.com\/es\/wp-json\/wp\/v2\/types\/page"}],"author":[{"embeddable":true,"href":"https:\/\/www.botigapilars.com\/es\/wp-json\/wp\/v2\/users\/1"}],"replies":[{"embeddable":true,"href":"https:\/\/www.botigapilars.com\/es\/wp-json\/wp\/v2\/comments?post=3690"}],"version-history":[{"count":7,"href":"https:\/\/www.botigapilars.com\/es\/wp-json\/wp\/v2\/pages\/3690\/revisions"}],"predecessor-version":[{"id":3710,"href":"https:\/\/www.botigapilars.com\/es\/wp-json\/wp\/v2\/pages\/3690\/revisions\/3710"}],"wp:attachment":[{"href":"https:\/\/www.botigapilars.com\/es\/wp-json\/wp\/v2\/media?parent=3690"}],"curies":[{"name":"wp","href":"https:\/\/api.w.org\/{rel}","templated":true}]}}